{"id":2659,"date":"2019-12-06T18:33:31","date_gmt":"2019-12-06T17:33:31","guid":{"rendered":"http:\/\/www.hugoluijten.eu\/content\/?page_id=2659"},"modified":"2022-06-10T17:20:25","modified_gmt":"2022-06-10T15:20:25","slug":"tv-interviews","status":"publish","type":"page","link":"https:\/\/hugoluijten.eu\/content\/in-de-pers\/radio\/interviews\/tv-interviews\/","title":{"rendered":"TV-interviews"},"content":{"rendered":"<p><strong>26 april 2022<\/strong>: interview op RTL-nieuws over <a href=\"https:\/\/www.rtlnieuws.nl\/nieuws\/video\/video\/5304395\/limburg-niet-erg-koningsgezind-koningsdag-dat-iets-voor-hollanders\">koningsdag<\/a>.<\/p>\n<p><strong>December 2021-februari 2022<\/strong> op ML5 de documentaire <a href=\"https:\/\/www.youtube.com\/channel\/UCpTbS7sSUSIpUtIGyud4xHg\/search?query=D%27n%20tram\">&#8216;D&#8217;n Tram&#8217;<\/a>, over de stoomtramlijn Roermond &#8211; Ittervoort\/Belgische grens.<\/p>\n<p><strong>5 mei 2021<\/strong>: Napoleon is 200 jaar dood en ik deed een bijdrage in <a href=\"https:\/\/l1.nl\/l1mburg-centraal-napoleon-en-zijn-band-met-limburg-164253\/\">&#8216;Limburg Centraal&#8217;<\/a> van L1.<\/p>\n<p><strong>31 december 2019<\/strong>: zijn er verschillen tussen Limburg en de rest van Nederland op oudjaars dag en\/of avond? Hieronder leer je er alles over. Klik <a href=\"http:\/\/hugo.milvistas.nl\/hugo-op-l1-radio\/geschiedenis-op-l1\/\">hier<\/a> voor het radio-interview.<\/p>\n<div class=\"epyt-video-wrapper\"><iframe loading=\"lazy\"  id=\"_ytid_31378\"  width=\"1200\" height=\"675\"  data-origwidth=\"1200\" data-origheight=\"675\"  data-relstop=\"1\" src=\"https:\/\/www.youtube.com\/embed\/S35arfXz_tU?enablejsapi=1&#038;autoplay=0&#038;cc_load_policy=0&#038;cc_lang_pref=&#038;iv_load_policy=1&#038;loop=0&#038;modestbranding=0&#038;rel=0&#038;fs=1&#038;playsinline=0&#038;autohide=2&#038;theme=dark&#038;color=red&#038;controls=1&#038;\" class=\"__youtube_prefs__  epyt-is-override  no-lazyload\" title=\"YouTube player\"  allow=\"accelerometer; autoplay; clipboard-write; encrypted-media; gyroscope; picture-in-picture\" allowfullscreen data-no-lazy=\"1\" data-skipgform_ajax_framebjll=\"\"><\/iframe><\/div>\n<p><strong>Vrijdag 13 december 2019<\/strong>: is het een ongeluksdag en zo ja, waar komt dat dan vandaan? Een tv-interview over het verschijnsel &#8216;vrijdag de 13e&#8217;. <a href=\"http:\/\/hugo.milvistas.nl\/hugo-op-l1-radio\/geschiedenis-op-l1\/\">Hier<\/a> ook op radio te beluisteren.<\/p>\n<div class=\"epyt-video-wrapper\"><iframe loading=\"lazy\"  id=\"_ytid_55418\"  width=\"1200\" height=\"675\"  data-origwidth=\"1200\" data-origheight=\"675\"  data-relstop=\"1\" src=\"https:\/\/www.youtube.com\/embed\/u48vuemsVKk?enablejsapi=1&#038;autoplay=0&#038;cc_load_policy=0&#038;cc_lang_pref=&#038;iv_load_policy=1&#038;loop=0&#038;modestbranding=0&#038;rel=0&#038;fs=1&#038;playsinline=0&#038;autohide=2&#038;theme=dark&#038;color=red&#038;controls=1&#038;\" class=\"__youtube_prefs__  epyt-is-override  no-lazyload\" title=\"YouTube player\"  allow=\"accelerometer; autoplay; clipboard-write; encrypted-media; gyroscope; picture-in-picture\" allowfullscreen data-no-lazy=\"1\" data-skipgform_ajax_framebjll=\"\"><\/iframe><\/div>\n<p>&nbsp;<\/p>\n<p><strong>September 2019 &#8211; januari 2020:<\/strong> voor Delta Limburg de documentairereeks <a href=\"https:\/\/www.deltalimburg.nl\/article\/2387\/75+jaar+bevrijding+Maasgouw+-+de+bevrijding+van+Heel\">&#8217;75 jaar bevrijding Maasgouw<\/a>&#8216;.<\/p>\n<p>&nbsp;<\/p>\n<p><a href=\"https:\/\/www.youtube.com\/watch?v=FlVSlEDH6Js\"><img loading=\"lazy\" class=\"alignleft wp-image-2537 size-medium\" src=\"http:\/\/hugo.milvistas.nl\/wp-content\/uploads\/2019\/07\/Luk-Alloo-2-400x204.jpg\" alt=\"\" width=\"400\" height=\"204\" srcset=\"https:\/\/hugoluijten.eu\/content\/wp-content\/uploads\/2019\/07\/Luk-Alloo-2-400x204.jpg 400w, https:\/\/hugoluijten.eu\/content\/wp-content\/uploads\/2019\/07\/Luk-Alloo-2-768x391.jpg 768w, https:\/\/hugoluijten.eu\/content\/wp-content\/uploads\/2019\/07\/Luk-Alloo-2-1024x522.jpg 1024w, https:\/\/hugoluijten.eu\/content\/wp-content\/uploads\/2019\/07\/Luk-Alloo-2-100x51.jpg 100w, https:\/\/hugoluijten.eu\/content\/wp-content\/uploads\/2019\/07\/Luk-Alloo-2-150x76.jpg 150w, https:\/\/hugoluijten.eu\/content\/wp-content\/uploads\/2019\/07\/Luk-Alloo-2-200x102.jpg 200w, https:\/\/hugoluijten.eu\/content\/wp-content\/uploads\/2019\/07\/Luk-Alloo-2-300x153.jpg 300w, https:\/\/hugoluijten.eu\/content\/wp-content\/uploads\/2019\/07\/Luk-Alloo-2-450x229.jpg 450w, https:\/\/hugoluijten.eu\/content\/wp-content\/uploads\/2019\/07\/Luk-Alloo-2-600x306.jpg 600w, https:\/\/hugoluijten.eu\/content\/wp-content\/uploads\/2019\/07\/Luk-Alloo-2-900x459.jpg 900w, https:\/\/hugoluijten.eu\/content\/wp-content\/uploads\/2019\/07\/Luk-Alloo-2.jpg 1364w\" sizes=\"(max-width: 400px) 100vw, 400px\" \/><\/a>Op <strong>15 februari 2018<\/strong> Voor het programma &#8216;Alloo in de nacht&#8217; van VTM, interviewde Luk Alloo mij in \u00e9\u00e9n van de laatst overgebleven nachtcaf\u00e9&#8217;s van Antwerpen over de bijzonderheid van het &#8216;s nachts schrijven op Caf\u00e9. Inderdaad schrijf ik er regelmatig of doe er idee\u00ebn op. Een <a href=\"https:\/\/www.youtube.com\/watch?v=YKN5FTuMW3A\">mooi interview<\/a> dat ik jullie niet wil onthouden!<\/p>\n<p>Een heel leuk interview door Bart Gielen in <a href=\"https:\/\/www.facebook.com\/Barts-BoekenClub-676232172446985\/\">Barts Boekenclub<\/a>\u00a0in het intiemste theater van Amsterdam, het Betty Asfalt Complex. Het volledige programma, inclusief de muziek van &#8211; Sjors van der Panne &#8211; is te bekijken op het <a href=\"http:\/\/Bart Gielen interviewde Hugo Luijten in het programma Barts Boekenclub, in het intiemste theater van Amsterdam, het Betty Asfalt Complex. Het volledige programma, inclusief de muziek van - Sjors van der Panne - is te bekijken op het YouTube-kanaal van Barts Boekenclub en op hun Facebooksite @Bartsboekenclub.\">YouTube-kanaal<\/a> van Barts Boekenclub en op hun Facebooksite @Bartsboekenclub:\u00a0<div class=\"epyt-video-wrapper\"><iframe  id=\"_ytid_92718\"  width=\"1200\" height=\"675\"  data-origwidth=\"1200\" data-origheight=\"675\"  data-relstop=\"1\" src=\"https:\/\/www.youtube.com\/embed\/FlVSlEDH6Js?enablejsapi=1&autoplay=0&cc_load_policy=0&cc_lang_pref=&iv_load_policy=1&loop=0&modestbranding=0&rel=0&fs=1&playsinline=0&autohide=2&theme=dark&color=red&controls=1&\" class=\"__youtube_prefs__  no-lazyload\" title=\"YouTube player\"  allow=\"accelerometer; autoplay; clipboard-write; encrypted-media; gyroscope; picture-in-picture\" allowfullscreen data-no-lazy=\"1\" data-skipgform_ajax_framebjll=\"\"><\/iframe><\/div><\/p>\n<p>&#8216;Offer&#8217; werd door uitgeverij <a href=\"https:\/\/www.bookchoice.com\/nl\/lid\">Bookchoice<\/a> ingesproken als luisterboek. Hier het achtereenvolgens het promotiefilmpje en een interview tbv de verluistering: <div class=\"epyt-video-wrapper\"><iframe  id=\"_ytid_23857\"  width=\"1200\" height=\"675\"  data-origwidth=\"1200\" data-origheight=\"675\"  data-relstop=\"1\" src=\"https:\/\/www.youtube.com\/embed\/mms1RucQDvo?enablejsapi=1&autoplay=0&cc_load_policy=0&cc_lang_pref=&iv_load_policy=1&loop=0&modestbranding=0&rel=0&fs=1&playsinline=0&autohide=2&theme=dark&color=red&controls=1&\" class=\"__youtube_prefs__  no-lazyload\" title=\"YouTube player\"  allow=\"accelerometer; autoplay; clipboard-write; encrypted-media; gyroscope; picture-in-picture\" allowfullscreen data-no-lazy=\"1\" data-skipgform_ajax_framebjll=\"\"><\/iframe><\/div><\/p>\n<div class=\"epyt-video-wrapper\"><iframe  id=\"_ytid_52054\"  width=\"1200\" height=\"675\"  data-origwidth=\"1200\" data-origheight=\"675\"  data-relstop=\"1\" src=\"https:\/\/www.youtube.com\/embed\/IbulpbxFl3I?enablejsapi=1&autoplay=0&cc_load_policy=0&cc_lang_pref=&iv_load_policy=1&loop=0&modestbranding=0&rel=0&fs=1&playsinline=0&autohide=2&theme=dark&color=red&controls=1&\" class=\"__youtube_prefs__  no-lazyload\" title=\"YouTube player\"  allow=\"accelerometer; autoplay; clipboard-write; encrypted-media; gyroscope; picture-in-picture\" allowfullscreen data-no-lazy=\"1\" data-skipgform_ajax_framebjll=\"\"><\/iframe><\/div>\n<p>&nbsp;<\/p>\n<p><a title=\"WDR item in het nieuws\" href=\"http:\/\/youtu.be\/bs9m4YMZZS4\" target=\"_blank\" rel=\"noopener noreferrer\"><img loading=\"lazy\" class=\"alignleft wp-image-958\" src=\"http:\/\/hugo.milvistas.nl\/wp-content\/uploads\/2014\/07\/neues-wdr-logo.jpg\" alt=\"\" width=\"170\" height=\"99\" srcset=\"https:\/\/hugoluijten.eu\/content\/wp-content\/uploads\/2014\/07\/neues-wdr-logo.jpg 600w, https:\/\/hugoluijten.eu\/content\/wp-content\/uploads\/2014\/07\/neues-wdr-logo-400x233.jpg 400w\" sizes=\"(max-width: 170px) 100vw, 170px\" \/><\/a><\/p>\n<p>&nbsp;<\/p>\n<p><a title=\"WDR item in het nieuws\" href=\"http:\/\/youtu.be\/bs9m4YMZZS4\" target=\"_blank\" rel=\"noopener noreferrer\">WDR<\/a> (in het Duits dus), van maandag 4 augustus 2014 (4:30-7:44)<\/p>\n<div class=\"epyt-video-wrapper\"><iframe loading=\"lazy\"  id=\"_ytid_73151\"  width=\"1200\" height=\"900\"  data-origwidth=\"1200\" data-origheight=\"900\"  data-relstop=\"1\" src=\"https:\/\/www.youtube.com\/embed\/bs9m4YMZZS4?enablejsapi=1&#038;autoplay=0&#038;cc_load_policy=0&#038;cc_lang_pref=&#038;iv_load_policy=1&#038;loop=0&#038;modestbranding=0&#038;rel=0&#038;fs=1&#038;playsinline=0&#038;autohide=2&#038;theme=dark&#038;color=red&#038;controls=1&#038;\" class=\"__youtube_prefs__  epyt-is-override  no-lazyload\" title=\"YouTube player\"  allow=\"accelerometer; autoplay; clipboard-write; encrypted-media; gyroscope; picture-in-picture\" allowfullscreen data-no-lazy=\"1\" data-skipgform_ajax_framebjll=\"\"><\/iframe><\/div>\n<p>&nbsp;<\/p>\n<p>L1 <a title=\"L1 avondnieuws 4\/8\/14\" href=\"http:\/\/www.l1.nl\/video\/historicus-uit-nieuwstadt-begint-aan-oorlogswandeling-4-aug-2014\" target=\"_blank\" rel=\"noopener noreferrer\">avondnieuws<\/a> van maandag <a href=\"http:\/\/www.l1.nl\/video\/historicus-uit-nieuwstadt-begint-aan-oorlogswandeling-4-aug-2014\"><img loading=\"lazy\" class=\" wp-image-2695 alignright\" src=\"http:\/\/hugo.milvistas.nl\/wp-content\/uploads\/2019\/12\/L1-Vaals.jpg\" alt=\"\" width=\"253\" height=\"142\" srcset=\"https:\/\/hugoluijten.eu\/content\/wp-content\/uploads\/2019\/12\/L1-Vaals.jpg 1365w, https:\/\/hugoluijten.eu\/content\/wp-content\/uploads\/2019\/12\/L1-Vaals-400x225.jpg 400w, https:\/\/hugoluijten.eu\/content\/wp-content\/uploads\/2019\/12\/L1-Vaals-1024x575.jpg 1024w, https:\/\/hugoluijten.eu\/content\/wp-content\/uploads\/2019\/12\/L1-Vaals-768x432.jpg 768w, https:\/\/hugoluijten.eu\/content\/wp-content\/uploads\/2019\/12\/L1-Vaals-100x56.jpg 100w, https:\/\/hugoluijten.eu\/content\/wp-content\/uploads\/2019\/12\/L1-Vaals-150x84.jpg 150w, https:\/\/hugoluijten.eu\/content\/wp-content\/uploads\/2019\/12\/L1-Vaals-200x112.jpg 200w, https:\/\/hugoluijten.eu\/content\/wp-content\/uploads\/2019\/12\/L1-Vaals-300x169.jpg 300w, https:\/\/hugoluijten.eu\/content\/wp-content\/uploads\/2019\/12\/L1-Vaals-450x253.jpg 450w, https:\/\/hugoluijten.eu\/content\/wp-content\/uploads\/2019\/12\/L1-Vaals-600x337.jpg 600w, https:\/\/hugoluijten.eu\/content\/wp-content\/uploads\/2019\/12\/L1-Vaals-900x506.jpg 900w\" sizes=\"(max-width: 253px) 100vw, 253px\" \/><\/a>4 augustus 2014:<\/p>\n<p>&nbsp;<\/p>\n<p>&nbsp;<\/p>\n","protected":false},"excerpt":{"rendered":"<p>26 april 2022: interview op RTL-nieuws over koningsdag. December 2021-februari 2022 op ML5 de documentaire &#8216;D&#8217;n Tram&#8217;, over de stoomtramlijn Roermond &#8211; Ittervoort\/Belgische grens. 5 mei 2021: Napoleon is 200 jaar dood en ik deed een bijdrage in &#8216;Limburg Centraal&#8217; van L1. 31 december 2019: zijn er verschillen tussen Limburg en de rest van Nederland&hellip;&nbsp;<a href=\"https:\/\/hugoluijten.eu\/content\/in-de-pers\/radio\/interviews\/tv-interviews\/\" class=\"\" rel=\"bookmark\">Lees verder &raquo;<span class=\"screen-reader-text\">TV-interviews<\/span><\/a><\/p>\n","protected":false},"author":3,"featured_media":0,"parent":2652,"menu_order":1,"comment_status":"closed","ping_status":"closed","template":"","meta":{"neve_meta_sidebar":"","neve_meta_container":"","neve_meta_enable_content_width":"off","neve_meta_content_width":70,"neve_meta_title_alignment":"","neve_meta_author_avatar":"","neve_post_elements_order":"","neve_meta_disable_header":"","neve_meta_disable_footer":"","neve_meta_disable_title":"","_themeisle_gutenberg_block_has_review":false},"_links":{"self":[{"href":"https:\/\/hugoluijten.eu\/content\/wp-json\/wp\/v2\/pages\/2659"}],"collection":[{"href":"https:\/\/hugoluijten.eu\/content\/wp-json\/wp\/v2\/pages"}],"about":[{"href":"https:\/\/hugoluijten.eu\/content\/wp-json\/wp\/v2\/types\/page"}],"author":[{"embeddable":true,"href":"https:\/\/hugoluijten.eu\/content\/wp-json\/wp\/v2\/users\/3"}],"replies":[{"embeddable":true,"href":"https:\/\/hugoluijten.eu\/content\/wp-json\/wp\/v2\/comments?post=2659"}],"version-history":[{"count":23,"href":"https:\/\/hugoluijten.eu\/content\/wp-json\/wp\/v2\/pages\/2659\/revisions"}],"predecessor-version":[{"id":3308,"href":"https:\/\/hugoluijten.eu\/content\/wp-json\/wp\/v2\/pages\/2659\/revisions\/3308"}],"up":[{"embeddable":true,"href":"https:\/\/hugoluijten.eu\/content\/wp-json\/wp\/v2\/pages\/2652"}],"wp:attachment":[{"href":"https:\/\/hugoluijten.eu\/content\/wp-json\/wp\/v2\/media?parent=2659"}],"curies":[{"name":"wp","href":"https:\/\/api.w.org\/{rel}","templated":true}]}}