{"id":692,"date":"2014-05-09T02:09:55","date_gmt":"2014-05-09T00:09:55","guid":{"rendered":"http:\/\/www.hugoluijten.eu\/content\/?page_id=692"},"modified":"2014-05-28T11:34:13","modified_gmt":"2014-05-28T09:34:13","slug":"opfer-die-graphic-novel","status":"publish","type":"page","link":"https:\/\/hugoluijten.eu\/content\/boeken\/project-offer-1914\/opfer-deutsch\/opfer-die-graphic-novel\/","title":{"rendered":"Opfer: die Graphic Novel"},"content":{"rendered":"<p><span style=\"line-height: 1.5em;\"><img loading=\"lazy\" class=\"alignright size-medium wp-image-676\" alt=\"Avatar Ohlenforst\" src=\"http:\/\/hugo.milvistas.nl\/wp-content\/uploads\/2014\/05\/Avatar-Ohlenforst-400x164.png\" width=\"400\" height=\"164\" srcset=\"https:\/\/hugoluijten.eu\/content\/wp-content\/uploads\/2014\/05\/Avatar-Ohlenforst-400x164.png 400w, https:\/\/hugoluijten.eu\/content\/wp-content\/uploads\/2014\/05\/Avatar-Ohlenforst.png 631w\" sizes=\"(max-width: 400px) 100vw, 400px\" \/><\/span><\/p>\n<p><a href=\"http:\/\/www.glenatbd.com\/bd\/le-zouave-tome-1-9782723468060.htm\" target=\"_blank\">Renot und Ersel\u00a0<\/a>sind Autoren und Zeichner von Comics f\u00fcr Erwachsene. Das Duo genie\u00dft vor allem in Frankreich und spanisch-sprachigen L\u00e4ndern einen guten Ruf. Sie arbeiten f\u00fcr \u2018Opfer\u2019 jetzt am Drehbuch und den ersten Skizzen f\u00fcr die Graphic Novel. <span><span style=\"font-family: Georgia, serif;\">Das Drehbuch geht aus vom Roman aus, aber Scenarist und Zeichner behalten ihre eigene k\u00fcnstlerische Freiheit. Die Graphic Novel erscheint zur gleichen Zeit wie der Roman (f\u00fcr Deutschland noch nicht bekannt).<\/span><\/span><\/p>\n<p>&nbsp;<\/p>\n<p><span style=\"line-height: 1.5em;\">\u00a0<\/span><\/p>\n<p><b>\u00a0<\/b><\/p>\n<p>&nbsp;<\/p>\n","protected":false},"excerpt":{"rendered":"<p>Renot und Ersel\u00a0sind Autoren und Zeichner von Comics f\u00fcr Erwachsene. Das Duo genie\u00dft vor allem in Frankreich und spanisch-sprachigen L\u00e4ndern einen guten Ruf. Sie arbeiten f\u00fcr \u2018Opfer\u2019 jetzt am Drehbuch und den ersten Skizzen f\u00fcr die Graphic Novel. Das Drehbuch geht aus vom Roman aus, aber Scenarist und Zeichner behalten ihre eigene k\u00fcnstlerische Freiheit. Die&hellip;&nbsp;<a href=\"https:\/\/hugoluijten.eu\/content\/boeken\/project-offer-1914\/opfer-deutsch\/opfer-die-graphic-novel\/\" class=\"\" rel=\"bookmark\">Lees verder &raquo;<span class=\"screen-reader-text\">Opfer: die Graphic Novel<\/span><\/a><\/p>\n","protected":false},"author":3,"featured_media":0,"parent":648,"menu_order":2,"comment_status":"open","ping_status":"open","template":"","meta":{"neve_meta_sidebar":"","neve_meta_container":"","neve_meta_enable_content_width":"","neve_meta_content_width":0,"neve_meta_title_alignment":"","neve_meta_author_avatar":"","neve_post_elements_order":"","neve_meta_disable_header":"","neve_meta_disable_footer":"","neve_meta_disable_title":"","_themeisle_gutenberg_block_has_review":false},"_links":{"self":[{"href":"https:\/\/hugoluijten.eu\/content\/wp-json\/wp\/v2\/pages\/692"}],"collection":[{"href":"https:\/\/hugoluijten.eu\/content\/wp-json\/wp\/v2\/pages"}],"about":[{"href":"https:\/\/hugoluijten.eu\/content\/wp-json\/wp\/v2\/types\/page"}],"author":[{"embeddable":true,"href":"https:\/\/hugoluijten.eu\/content\/wp-json\/wp\/v2\/users\/3"}],"replies":[{"embeddable":true,"href":"https:\/\/hugoluijten.eu\/content\/wp-json\/wp\/v2\/comments?post=692"}],"version-history":[{"count":5,"href":"https:\/\/hugoluijten.eu\/content\/wp-json\/wp\/v2\/pages\/692\/revisions"}],"predecessor-version":[{"id":786,"href":"https:\/\/hugoluijten.eu\/content\/wp-json\/wp\/v2\/pages\/692\/revisions\/786"}],"up":[{"embeddable":true,"href":"https:\/\/hugoluijten.eu\/content\/wp-json\/wp\/v2\/pages\/648"}],"wp:attachment":[{"href":"https:\/\/hugoluijten.eu\/content\/wp-json\/wp\/v2\/media?parent=692"}],"curies":[{"name":"wp","href":"https:\/\/api.w.org\/{rel}","templated":true}]}}