{"id":761,"date":"2014-05-24T23:57:46","date_gmt":"2014-05-24T21:57:46","guid":{"rendered":"http:\/\/www.hugoluijten.eu\/content\/?page_id=761"},"modified":"2014-05-24T23:59:11","modified_gmt":"2014-05-24T21:59:11","slug":"sacrifice-la-bande-dessinee","status":"publish","type":"page","link":"https:\/\/hugoluijten.eu\/content\/boeken\/project-offer-1914\/sacrifice-francais\/sacrifice-la-bande-dessinee\/","title":{"rendered":"Sacrifice: la bande dessin\u00e9e"},"content":{"rendered":"<p><span style=\"color: #000000;\"><span style=\"font-family: Georgia, serif;\"><a title=\"Renot et Ersel\" href=\"http:\/\/www.glenatbd.com\/bd\/le-zouave-tome-1-9782723468060.htm\" target=\"_blank\">Renot et Ersel <\/a>sont respectivement <\/span><\/span><span style=\"font-family: Georgia, serif;\">sc\u00e9nariste<\/span><span style=\"color: #000000;\"><span style=\"font-family: Georgia, serif;\"> et dessinateur d\u2019histoires imag\u00e9es pour adultes. Le duo a une r\u00e9putation internationale dans le monde de la bande dessin\u00e9e, notamment en France et dans les pays hispanophones.\u00a0<\/span><\/span><span style=\"color: #000000;\"><span style=\"font-family: Georgia, serif;\">Actuellement ils travaillent au sc\u00e9nario de \u2018Sacrifice\u2019 et aux <\/span><\/span><span style=\"font-family: Georgia, serif;\">premi\u00e8res<\/span><span style=\"color: #000000;\"><span style=\"font-family: Georgia, serif;\"> esquisses\u00a0<\/span><\/span><span style=\"color: #000000;\"><span style=\"font-family: Georgia, serif;\">de la bande dessin\u00e9e.<\/span><\/span><\/p>\n","protected":false},"excerpt":{"rendered":"<p>Renot et Ersel sont respectivement sc\u00e9nariste et dessinateur d\u2019histoires imag\u00e9es pour adultes. Le duo a une r\u00e9putation internationale dans le monde de la bande dessin\u00e9e, notamment en France et dans les pays hispanophones.\u00a0Actuellement ils travaillent au sc\u00e9nario de \u2018Sacrifice\u2019 et aux premi\u00e8res esquisses\u00a0de la bande dessin\u00e9e.<\/p>\n","protected":false},"author":3,"featured_media":0,"parent":650,"menu_order":2,"comment_status":"open","ping_status":"open","template":"","meta":{"neve_meta_sidebar":"","neve_meta_container":"","neve_meta_enable_content_width":"","neve_meta_content_width":0,"neve_meta_title_alignment":"","neve_meta_author_avatar":"","neve_post_elements_order":"","neve_meta_disable_header":"","neve_meta_disable_footer":"","neve_meta_disable_title":"","_themeisle_gutenberg_block_has_review":false},"_links":{"self":[{"href":"https:\/\/hugoluijten.eu\/content\/wp-json\/wp\/v2\/pages\/761"}],"collection":[{"href":"https:\/\/hugoluijten.eu\/content\/wp-json\/wp\/v2\/pages"}],"about":[{"href":"https:\/\/hugoluijten.eu\/content\/wp-json\/wp\/v2\/types\/page"}],"author":[{"embeddable":true,"href":"https:\/\/hugoluijten.eu\/content\/wp-json\/wp\/v2\/users\/3"}],"replies":[{"embeddable":true,"href":"https:\/\/hugoluijten.eu\/content\/wp-json\/wp\/v2\/comments?post=761"}],"version-history":[{"count":2,"href":"https:\/\/hugoluijten.eu\/content\/wp-json\/wp\/v2\/pages\/761\/revisions"}],"predecessor-version":[{"id":763,"href":"https:\/\/hugoluijten.eu\/content\/wp-json\/wp\/v2\/pages\/761\/revisions\/763"}],"up":[{"embeddable":true,"href":"https:\/\/hugoluijten.eu\/content\/wp-json\/wp\/v2\/pages\/650"}],"wp:attachment":[{"href":"https:\/\/hugoluijten.eu\/content\/wp-json\/wp\/v2\/media?parent=761"}],"curies":[{"name":"wp","href":"https:\/\/api.w.org\/{rel}","templated":true}]}}